{"id":11,"date":"2020-07-13T23:56:55","date_gmt":"2020-07-13T23:56:55","guid":{"rendered":"http:\/\/be2i-solutions.com\/?page_id=11"},"modified":"2020-07-23T10:40:11","modified_gmt":"2020-07-23T10:40:11","slug":"specialisation","status":"publish","type":"page","link":"https:\/\/be2i-solutions.com\/?page_id=11","title":{"rendered":"Comp\u00e9tences"},"content":{"rendered":"\n<p><strong><span style=\"color:#ffffff\" class=\"has-inline-color\">BE2I-Solution s\u2019appuie sur la professionnalisation et l\u2019exp\u00e9rience de nos \u00e9quipes ainsi que l\u2019efficacit\u00e9 de notre politique de recrutement. Nous nous engageons \u00e0 satisfaire au mieux nos clients dans leurs d\u00e9marches de recherche de solutions.<\/span><\/strong><\/p>\n\n\n\n<p><strong><span style=\"color:#ffffff\" class=\"has-inline-color\">Notre exp\u00e9rience dans la gestion de projet, l\u2019\u00e9tude de produits et la conception industrielle nous permet de traiter des projets d\u2019ing\u00e9nierie \u00e0 diff\u00e9rentes phases. D\u00e9puis la pr\u00e9-\u00e9tude jusqu\u2019au suivi de travaux<\/span><\/strong><\/p>\n\n\n\n<p><strong><span style=\"color:#ffffff\" class=\"has-inline-color\">Nous pouvons nous organiser en \u00e9quipe projet mais \u00e9galement intervenir au forfait sur les activit\u00e9s suivantes\u00a0:<\/span><\/strong><\/p>\n\n\n\n<p>\u2022 <strong><span style=\"color:#ffffff\" class=\"has-inline-color\">Gestion de projet<\/span><\/strong><\/p>\n\n\n\n<p>\u2022 <strong><span style=\"color:#ffffff\" class=\"has-inline-color\">Accompagnement et expertise industrielle<\/span><\/strong><\/p>\n\n\n\n<p>\u2022 <strong><span style=\"color:#ffffff\" class=\"has-inline-color\">Support technique et industriel<\/span><\/strong><\/p>\n\n\n\n<p>\u2022 <strong><span style=\"color:#ffffff\" class=\"has-inline-color\">Recherche &amp; d\u00e9veloppement<\/span><\/strong><\/p>\n\n\n\n<p>\u2022 <strong><span style=\"color:#ffffff\" class=\"has-inline-color\">Ing\u00e9nierie industrielle (m\u00e9cano-soud\u00e9 et chaudronnerie)<\/span><\/strong><\/p>\n\n\n\n<p>\u2022 <strong><span style=\"color:#ffffff\" class=\"has-inline-color\">R\u00e9alisation des plans 2D &amp; 3D<\/span><\/strong><\/p>\n\n\n\n<p>\u2022<strong> <span style=\"color:#ffffff\" class=\"has-inline-color\">Dimensionnement, calculs de structures et engins de manutention<\/span><\/strong><\/p>\n\n\n\n<p>\u2022 <strong><span style=\"color:#ffffff\" class=\"has-inline-color\">Etude des structures m\u00e9talliques<\/span><\/strong><\/p>\n\n\n\n<p>\u2022 <strong><span style=\"color:#ffffff\" class=\"has-inline-color\">R\u00e9daction de documents techniques<\/span><\/strong><\/p>\n\n\n\n<p><strong><span style=\"color:#ffffff\" class=\"has-inline-color\">Nous sommes form\u00e9s et exp\u00e9riment\u00e9s sur les outils de l&rsquo;ing\u00e9nierie de d\u00e9veloppements. Pour chacune des missions qui nous sont confi\u00e9es, nous nous engageons \u00e0 assurer un suivi adapt\u00e9 \u00e0 vos besoins, ceci afin de r\u00e9pondre aux demandes de nos clients les plus exigeants en termes de Qualit\u00e9, D\u00e9lai et tenue des budgets.<\/span><\/strong><\/p>\n\n\n\n<p><strong><span style=\"color:#ffffff\" class=\"has-inline-color\">Quelle que soit la mission que vous nous confiez, nous vous assurons un suivi adapt\u00e9 \u00e0 vos besoins.<\/span><\/strong><\/p>\n","protected":false},"excerpt":{"rendered":"<p>BE2I-Solution s\u2019appuie sur la professionnalisation et l\u2019exp\u00e9rience de nos \u00e9quipes ainsi que l\u2019efficacit\u00e9 de notre politique de recrutement. Nous nous engageons \u00e0 satisfaire au mieux nos clients dans leurs d\u00e9marches de recherche de solutions. Notre exp\u00e9rience dans la gestion de projet, l\u2019\u00e9tude de produits et la conception industrielle nous permet de traiter des projets d\u2019ing\u00e9nierie&hellip; <br \/> <a class=\"read-more\" href=\"https:\/\/be2i-solutions.com\/?page_id=11\">Lire la suite<\/a><\/p>\n","protected":false},"author":3,"featured_media":0,"parent":0,"menu_order":0,"comment_status":"closed","ping_status":"closed","template":"page-templates\/page-with-right-sidebar.php","meta":{"footnotes":""},"class_list":["post-11","page","type-page","status-publish","hentry"],"_links":{"self":[{"href":"https:\/\/be2i-solutions.com\/index.php?rest_route=\/wp\/v2\/pages\/11","targetHints":{"allow":["GET"]}}],"collection":[{"href":"https:\/\/be2i-solutions.com\/index.php?rest_route=\/wp\/v2\/pages"}],"about":[{"href":"https:\/\/be2i-solutions.com\/index.php?rest_route=\/wp\/v2\/types\/page"}],"author":[{"embeddable":true,"href":"https:\/\/be2i-solutions.com\/index.php?rest_route=\/wp\/v2\/users\/3"}],"replies":[{"embeddable":true,"href":"https:\/\/be2i-solutions.com\/index.php?rest_route=%2Fwp%2Fv2%2Fcomments&post=11"}],"version-history":[{"count":8,"href":"https:\/\/be2i-solutions.com\/index.php?rest_route=\/wp\/v2\/pages\/11\/revisions"}],"predecessor-version":[{"id":164,"href":"https:\/\/be2i-solutions.com\/index.php?rest_route=\/wp\/v2\/pages\/11\/revisions\/164"}],"wp:attachment":[{"href":"https:\/\/be2i-solutions.com\/index.php?rest_route=%2Fwp%2Fv2%2Fmedia&parent=11"}],"curies":[{"name":"wp","href":"https:\/\/api.w.org\/{rel}","templated":true}]}}