{"id":114,"date":"2020-07-22T16:18:55","date_gmt":"2020-07-22T16:18:55","guid":{"rendered":"http:\/\/be2i-solutions.com\/?page_id=114"},"modified":"2020-07-23T10:47:53","modified_gmt":"2020-07-23T10:47:53","slug":"normes-codes","status":"publish","type":"page","link":"https:\/\/be2i-solutions.com\/?page_id=114","title":{"rendered":"Normes &#038; Codes"},"content":{"rendered":"\n<p><\/p>\n\n\n\n<p><strong><span style=\"color:#ffffff\" class=\"has-inline-color\">BE2I-Solution est en mesure de vous fournir des prestations de conception et de calcul de fa\u00e7on \u00e0 dimensionner, valider ou optimiser vos \u00e9quipements chaudronn\u00e9s suivant les normes et codes en vigueur.<\/span><\/strong><\/p>\n\n\n\n<p>\u2022 <strong><span style=\"color:#ffffff\" class=\"has-inline-color\">EN 13445\/EN 13480<\/span><\/strong><\/p>\n\n\n\n<p>\u2022<strong> <span style=\"color:#ffffff\" class=\"has-inline-color\">EN 13001 \/ FEM \/ HSN1\/2<\/span><\/strong><\/p>\n\n\n\n<p>\u2022 <strong><span style=\"color:#ffffff\" class=\"has-inline-color\">RCC-M.<\/span><\/strong><\/p>\n\n\n\n<p>\u2022 <strong><span style=\"color:#ffffff\" class=\"has-inline-color\">CODAP<\/span><\/strong><\/p>\n\n\n\n<p>\u2022 <strong><span style=\"color:#ffffff\" class=\"has-inline-color\">ASME<\/span><\/strong><\/p>\n\n\n\n<p>\u2022 <strong><span style=\"color:#ffffff\" class=\"has-inline-color\">BAEL 91 r\u00e9vis\u00e9e 99<\/span><\/strong><\/p>\n\n\n\n<p>\u2022 <strong><span style=\"color:#ffffff\" class=\"has-inline-color\">IEC<\/span><\/strong><\/p>\n\n\n\n<p>\u2022 <strong><span style=\"color:#ffffff\" class=\"has-inline-color\">EUROCODES<\/span><\/strong><\/p>\n\n\n\n<p>\u2022 <strong><span style=\"color:#ffffff\" class=\"has-inline-color\">API<\/span><\/strong><\/p>\n\n\n\n<p>\u2022 <strong><span style=\"color:#ffffff\" class=\"has-inline-color\">EN 1474<\/span><\/strong><\/p>\n\n\n\n<p>\u2022 <strong><span style=\"color:#ffffff\" class=\"has-inline-color\">OCIMF<\/span><\/strong><\/p>\n\n\n\n<p><strong><span style=\"color:#ffffff\" class=\"has-inline-color\">BE2I-Solution garantie une mise en conformit\u00e9 de vos \u00e9quipements avec la r\u00e9glementation en vigueur.<\/span><\/strong><\/p>\n\n\n\n<p><\/p>\n","protected":false},"excerpt":{"rendered":"<p>BE2I-Solution est en mesure de vous fournir des prestations de conception et de calcul de fa\u00e7on \u00e0 dimensionner, valider ou optimiser vos \u00e9quipements chaudronn\u00e9s suivant les normes et codes en vigueur. \u2022 EN 13445\/EN 13480 \u2022 EN 13001 \/ FEM \/ HSN1\/2 \u2022 RCC-M. \u2022 CODAP \u2022 ASME \u2022 BAEL 91 r\u00e9vis\u00e9e 99 \u2022 IEC&hellip; <br \/> <a class=\"read-more\" href=\"https:\/\/be2i-solutions.com\/?page_id=114\">Lire la suite<\/a><\/p>\n","protected":false},"author":2,"featured_media":0,"parent":0,"menu_order":0,"comment_status":"closed","ping_status":"closed","template":"page-templates\/page-with-right-sidebar.php","meta":{"footnotes":""},"class_list":["post-114","page","type-page","status-publish","hentry"],"_links":{"self":[{"href":"https:\/\/be2i-solutions.com\/index.php?rest_route=\/wp\/v2\/pages\/114","targetHints":{"allow":["GET"]}}],"collection":[{"href":"https:\/\/be2i-solutions.com\/index.php?rest_route=\/wp\/v2\/pages"}],"about":[{"href":"https:\/\/be2i-solutions.com\/index.php?rest_route=\/wp\/v2\/types\/page"}],"author":[{"embeddable":true,"href":"https:\/\/be2i-solutions.com\/index.php?rest_route=\/wp\/v2\/users\/2"}],"replies":[{"embeddable":true,"href":"https:\/\/be2i-solutions.com\/index.php?rest_route=%2Fwp%2Fv2%2Fcomments&post=114"}],"version-history":[{"count":7,"href":"https:\/\/be2i-solutions.com\/index.php?rest_route=\/wp\/v2\/pages\/114\/revisions"}],"predecessor-version":[{"id":167,"href":"https:\/\/be2i-solutions.com\/index.php?rest_route=\/wp\/v2\/pages\/114\/revisions\/167"}],"wp:attachment":[{"href":"https:\/\/be2i-solutions.com\/index.php?rest_route=%2Fwp%2Fv2%2Fmedia&parent=114"}],"curies":[{"name":"wp","href":"https:\/\/api.w.org\/{rel}","templated":true}]}}