{"id":117,"date":"2020-07-22T16:21:34","date_gmt":"2020-07-22T16:21:34","guid":{"rendered":"http:\/\/be2i-solutions.com\/?page_id=117"},"modified":"2020-07-23T10:31:42","modified_gmt":"2020-07-23T10:31:42","slug":"nos-valeurs","status":"publish","type":"page","link":"https:\/\/be2i-solutions.com\/?page_id=117","title":{"rendered":"Nos Valeurs"},"content":{"rendered":"\n<p><strong><span style=\"color:#ffffff\" class=\"has-inline-color\">\u00ab\u00a0R\u00e9activit\u00e9\u00a0: r\u00e9pondre dans les meilleurs d\u00e9lais aux exigences de nos clients, mise \u00e0 jour en fonction des approvisionnements et prise en compte des demandes de modifications des donneurs d\u2019ordre \u00bb<\/span><\/strong><\/p>\n\n\n\n<p><strong>\u00a0<span style=\"color:#ffffff\" class=\"has-inline-color\">\u00ab\u00a0Implication\u00a0: suivre et mettre en application les \u00e9volutions des r\u00e8gles normatives et des codes de construction, participation \u00e0 diff\u00e9rents comit\u00e9s techniques \u00bb<\/span><\/strong><\/p>\n\n\n\n<p><strong><span style=\"color:#ffffff\" class=\"has-inline-color\">\u00ab Professionnalisme\u00a0: maitrise des projets simples et complexes\u00a0gr\u00e2ce \u00e0 un suivi r\u00e9gulier des \u00e9tudes par les charg\u00e9s de projets sp\u00e9cialistes dans leur domaine \u00bb<\/span><\/strong><\/p>\n\n\n\n<p><strong><span style=\"color:#ffffff\" class=\"has-inline-color\">\u00ab\u00a0Qualit\u00e9\u00a0: un programme de management de la qualit\u00e9 est \u00e9tabli dans une optique d\u2019am\u00e9lioration continue \u00bb<\/span><\/strong><\/p>\n","protected":false},"excerpt":{"rendered":"<p>\u00ab\u00a0R\u00e9activit\u00e9\u00a0: r\u00e9pondre dans les meilleurs d\u00e9lais aux exigences de nos clients, mise \u00e0 jour en fonction des approvisionnements et prise en compte des demandes de modifications des donneurs d\u2019ordre \u00bb \u00a0\u00ab\u00a0Implication\u00a0: suivre et mettre en application les \u00e9volutions des r\u00e8gles normatives et des codes de construction, participation \u00e0 diff\u00e9rents comit\u00e9s techniques \u00bb \u00ab Professionnalisme\u00a0: maitrise&hellip; <br \/> <a class=\"read-more\" href=\"https:\/\/be2i-solutions.com\/?page_id=117\">Lire la suite<\/a><\/p>\n","protected":false},"author":2,"featured_media":0,"parent":0,"menu_order":0,"comment_status":"closed","ping_status":"closed","template":"page-templates\/page-with-right-sidebar.php","meta":{"footnotes":""},"class_list":["post-117","page","type-page","status-publish","hentry"],"_links":{"self":[{"href":"https:\/\/be2i-solutions.com\/index.php?rest_route=\/wp\/v2\/pages\/117","targetHints":{"allow":["GET"]}}],"collection":[{"href":"https:\/\/be2i-solutions.com\/index.php?rest_route=\/wp\/v2\/pages"}],"about":[{"href":"https:\/\/be2i-solutions.com\/index.php?rest_route=\/wp\/v2\/types\/page"}],"author":[{"embeddable":true,"href":"https:\/\/be2i-solutions.com\/index.php?rest_route=\/wp\/v2\/users\/2"}],"replies":[{"embeddable":true,"href":"https:\/\/be2i-solutions.com\/index.php?rest_route=%2Fwp%2Fv2%2Fcomments&post=117"}],"version-history":[{"count":4,"href":"https:\/\/be2i-solutions.com\/index.php?rest_route=\/wp\/v2\/pages\/117\/revisions"}],"predecessor-version":[{"id":159,"href":"https:\/\/be2i-solutions.com\/index.php?rest_route=\/wp\/v2\/pages\/117\/revisions\/159"}],"wp:attachment":[{"href":"https:\/\/be2i-solutions.com\/index.php?rest_route=%2Fwp%2Fv2%2Fmedia&parent=117"}],"curies":[{"name":"wp","href":"https:\/\/api.w.org\/{rel}","templated":true}]}}