{"id":125,"date":"2020-07-22T16:47:34","date_gmt":"2020-07-22T16:47:34","guid":{"rendered":"http:\/\/be2i-solutions.com\/?page_id=125"},"modified":"2022-03-15T20:20:24","modified_gmt":"2022-03-15T20:20:24","slug":"energies","status":"publish","type":"page","link":"https:\/\/be2i-solutions.com\/?page_id=125","title":{"rendered":"Energies"},"content":{"rendered":"\n<p><strong>Syst\u00e8me sur sites isol\u00e9s avec batterie<\/strong><\/p>\n\n\n\n<figure class=\"wp-block-image size-full\"><img loading=\"lazy\" decoding=\"async\" width=\"843\" height=\"515\" src=\"http:\/\/be2i-solutions.com\/wp-content\/uploads\/2022\/03\/1.jpg\" alt=\"\" class=\"wp-image-175\" srcset=\"https:\/\/be2i-solutions.com\/wp-content\/uploads\/2022\/03\/1.jpg 843w, https:\/\/be2i-solutions.com\/wp-content\/uploads\/2022\/03\/1-300x183.jpg 300w, https:\/\/be2i-solutions.com\/wp-content\/uploads\/2022\/03\/1-768x469.jpg 768w\" sizes=\"auto, (max-width: 843px) 100vw, 843px\" \/><\/figure>\n\n\n\n<p><strong>Syst\u00e8me de pompage au fil du soleil<\/strong><\/p>\n\n\n\n<figure class=\"wp-block-image size-full\"><img loading=\"lazy\" decoding=\"async\" width=\"843\" height=\"515\" src=\"http:\/\/be2i-solutions.com\/wp-content\/uploads\/2022\/03\/2.jpg\" alt=\"\" class=\"wp-image-178\" srcset=\"https:\/\/be2i-solutions.com\/wp-content\/uploads\/2022\/03\/2.jpg 843w, https:\/\/be2i-solutions.com\/wp-content\/uploads\/2022\/03\/2-300x183.jpg 300w, https:\/\/be2i-solutions.com\/wp-content\/uploads\/2022\/03\/2-768x469.jpg 768w\" sizes=\"auto, (max-width: 843px) 100vw, 843px\" \/><\/figure>\n\n\n\n<p><strong>Syst\u00e8me de raccord\u00e9 au r\u00e9seau avec stockage<\/strong><\/p>\n\n\n\n<figure class=\"wp-block-image size-full\"><img loading=\"lazy\" decoding=\"async\" width=\"843\" height=\"515\" src=\"http:\/\/be2i-solutions.com\/wp-content\/uploads\/2022\/03\/3.jpg\" alt=\"\" class=\"wp-image-180\" srcset=\"https:\/\/be2i-solutions.com\/wp-content\/uploads\/2022\/03\/3.jpg 843w, https:\/\/be2i-solutions.com\/wp-content\/uploads\/2022\/03\/3-300x183.jpg 300w, https:\/\/be2i-solutions.com\/wp-content\/uploads\/2022\/03\/3-768x469.jpg 768w\" sizes=\"auto, (max-width: 843px) 100vw, 843px\" \/><\/figure>\n\n\n\n<p><strong>Syst\u00e8me de raccord\u00e9 au r\u00e9seau sans stockage<\/strong><\/p>\n\n\n\n<figure class=\"wp-block-image size-full\"><img loading=\"lazy\" decoding=\"async\" width=\"843\" height=\"515\" src=\"http:\/\/be2i-solutions.com\/wp-content\/uploads\/2022\/03\/4.jpg\" alt=\"\" class=\"wp-image-182\" srcset=\"https:\/\/be2i-solutions.com\/wp-content\/uploads\/2022\/03\/4.jpg 843w, https:\/\/be2i-solutions.com\/wp-content\/uploads\/2022\/03\/4-300x183.jpg 300w, https:\/\/be2i-solutions.com\/wp-content\/uploads\/2022\/03\/4-768x469.jpg 768w\" sizes=\"auto, (max-width: 843px) 100vw, 843px\" \/><\/figure>\n\n\n\n<p><strong>Syst\u00e8mes avec onduleur central<\/strong><\/p>\n\n\n\n<figure class=\"wp-block-image size-full\"><img loading=\"lazy\" decoding=\"async\" width=\"843\" height=\"515\" src=\"http:\/\/be2i-solutions.com\/wp-content\/uploads\/2022\/03\/5.jpg\" alt=\"\" class=\"wp-image-184\" srcset=\"https:\/\/be2i-solutions.com\/wp-content\/uploads\/2022\/03\/5.jpg 843w, https:\/\/be2i-solutions.com\/wp-content\/uploads\/2022\/03\/5-300x183.jpg 300w, https:\/\/be2i-solutions.com\/wp-content\/uploads\/2022\/03\/5-768x469.jpg 768w\" sizes=\"auto, (max-width: 843px) 100vw, 843px\" \/><\/figure>\n\n\n\n<p><strong>Syst\u00e8mes avec micro-onduleurs<\/strong><\/p>\n\n\n\n<figure class=\"wp-block-image size-full\"><img loading=\"lazy\" decoding=\"async\" width=\"843\" height=\"515\" src=\"http:\/\/be2i-solutions.com\/wp-content\/uploads\/2022\/03\/6.jpg\" alt=\"\" class=\"wp-image-186\" srcset=\"https:\/\/be2i-solutions.com\/wp-content\/uploads\/2022\/03\/6.jpg 843w, https:\/\/be2i-solutions.com\/wp-content\/uploads\/2022\/03\/6-300x183.jpg 300w, https:\/\/be2i-solutions.com\/wp-content\/uploads\/2022\/03\/6-768x469.jpg 768w\" sizes=\"auto, (max-width: 843px) 100vw, 843px\" \/><\/figure>\n\n\n\n<p><strong>Que garantit la norme DIN VDE 0126-1-1\/A1 pour nos installations:<\/strong><\/p>\n\n\n\n<p><strong>PROTECTION DE DECOUPLAGE:<\/strong><\/p>\n\n\n\n<p><strong>D\u00e9connexion automatique entre une installation photovolta\u00efque et le r\u00e9seau public&nbsp;&nbsp;&nbsp;&nbsp;&nbsp;&nbsp;&nbsp;&nbsp;&nbsp;&nbsp;<\/strong><\/p>\n\n\n\n<p><em>supprimer tout risque d\u2019<\/em><strong><em>\u00e9lectrocution<\/em><\/strong><em>&nbsp;en cas de rupture de courant pour le personnel intervenant<\/em>.<\/p>\n\n\n\n<p>Voici quelques cas de d\u00e9couplage du r\u00e9seau de l\u2019onduleur demand\u00e9s par la norme : \u00a7Une d\u00e9connexion rapide en moins de 0,2sec est demand\u00e9e si la tension efficace n\u2019est plus comprise entre 184 V et 264,5 V. \u00a7Si la valeur de la tension efficace d\u00e9passe durablement (environ 10 minutes) la valeur de 110% de la tension nominale au point de livraison (c\u2019est \u00e0 dire 253V pour une tension nominale de 230 V), l\u2019appareil doit \u00e9galement se s\u00e9parer du r\u00e9seau de distribution \u00a7La plage de fr\u00e9quence doit se situer entre 47,5 Hz et 50,6 Hz<\/p>\n\n\n\n<p><strong>Syst\u00e8mes de montage PV pour toitures terrasses<\/strong><\/p>\n\n\n\n<figure class=\"wp-block-image size-full\"><img loading=\"lazy\" decoding=\"async\" width=\"843\" height=\"515\" src=\"http:\/\/be2i-solutions.com\/wp-content\/uploads\/2022\/03\/7.jpg\" alt=\"\" class=\"wp-image-189\" srcset=\"https:\/\/be2i-solutions.com\/wp-content\/uploads\/2022\/03\/7.jpg 843w, https:\/\/be2i-solutions.com\/wp-content\/uploads\/2022\/03\/7-300x183.jpg 300w, https:\/\/be2i-solutions.com\/wp-content\/uploads\/2022\/03\/7-768x469.jpg 768w\" sizes=\"auto, (max-width: 843px) 100vw, 843px\" \/><\/figure>\n","protected":false},"excerpt":{"rendered":"<p>Syst\u00e8me sur sites isol\u00e9s avec batterie Syst\u00e8me de pompage au fil du soleil Syst\u00e8me de raccord\u00e9 au r\u00e9seau avec stockage Syst\u00e8me de raccord\u00e9 au r\u00e9seau sans stockage Syst\u00e8mes avec onduleur central Syst\u00e8mes avec micro-onduleurs Que garantit la norme DIN VDE 0126-1-1\/A1 pour nos installations: PROTECTION DE DECOUPLAGE: D\u00e9connexion automatique entre une installation photovolta\u00efque et le&hellip; <br \/> <a class=\"read-more\" href=\"https:\/\/be2i-solutions.com\/?page_id=125\">Lire la suite<\/a><\/p>\n","protected":false},"author":3,"featured_media":0,"parent":0,"menu_order":0,"comment_status":"closed","ping_status":"closed","template":"","meta":{"footnotes":""},"class_list":["post-125","page","type-page","status-publish","hentry"],"_links":{"self":[{"href":"https:\/\/be2i-solutions.com\/index.php?rest_route=\/wp\/v2\/pages\/125","targetHints":{"allow":["GET"]}}],"collection":[{"href":"https:\/\/be2i-solutions.com\/index.php?rest_route=\/wp\/v2\/pages"}],"about":[{"href":"https:\/\/be2i-solutions.com\/index.php?rest_route=\/wp\/v2\/types\/page"}],"author":[{"embeddable":true,"href":"https:\/\/be2i-solutions.com\/index.php?rest_route=\/wp\/v2\/users\/3"}],"replies":[{"embeddable":true,"href":"https:\/\/be2i-solutions.com\/index.php?rest_route=%2Fwp%2Fv2%2Fcomments&post=125"}],"version-history":[{"count":10,"href":"https:\/\/be2i-solutions.com\/index.php?rest_route=\/wp\/v2\/pages\/125\/revisions"}],"predecessor-version":[{"id":190,"href":"https:\/\/be2i-solutions.com\/index.php?rest_route=\/wp\/v2\/pages\/125\/revisions\/190"}],"wp:attachment":[{"href":"https:\/\/be2i-solutions.com\/index.php?rest_route=%2Fwp%2Fv2%2Fmedia&parent=125"}],"curies":[{"name":"wp","href":"https:\/\/api.w.org\/{rel}","templated":true}]}}