{"id":142,"date":"2020-07-22T17:13:09","date_gmt":"2020-07-22T17:13:09","guid":{"rendered":"http:\/\/be2i-solutions.com\/?page_id=142"},"modified":"2020-07-23T10:53:17","modified_gmt":"2020-07-23T10:53:17","slug":"logiciels","status":"publish","type":"page","link":"https:\/\/be2i-solutions.com\/?page_id=142","title":{"rendered":"Logiciels"},"content":{"rendered":"\n<p><strong><span style=\"color:#ffffff\" class=\"has-inline-color\">BE2I-Solution utilise des logiciels certifi\u00e9s et qualifi\u00e9s pour la conception et le dimensionnement des vos \u00e9quipements.<\/span><\/strong><\/p>\n\n\n\n<p>\u00a0\u00a0\u00a0 \u2022<strong> <span wfd-id=\"104\" style=\"color:#ffffff\" class=\"has-inline-color\">ANSYS<\/span><\/strong><\/p>\n\n\n\n<p>\u00a0\u00a0\u00a0 \u2022 <strong><span style=\"color:#ffffff\" class=\"has-inline-color\">Mathcad\u00a0<\/span><\/strong><\/p>\n\n\n\n<p>&nbsp;&nbsp;&nbsp; \u2022<strong> <span style=\"color:#ffffff\" class=\"has-inline-color\">RDM6<\/span><\/strong><\/p>\n\n\n\n<p>&nbsp;&nbsp;&nbsp; \u2022 <strong><span style=\"color:#ffffff\" class=\"has-inline-color\">Pipestress<\/span><\/strong><\/p>\n\n\n\n<p>\u00a0\u00a0\u00a0 \u2022 <strong><span style=\"color:#ffffff\" class=\"has-inline-color\">Autopipe vessel<\/span>\u00a0\u00a0<\/strong><\/p>\n\n\n\n<p>\u00a0\u00a0\u00a0 \u2022<strong> <span style=\"color:#ffffff\" class=\"has-inline-color\">Catia\u00a0<\/span><\/strong><\/p>\n\n\n\n<p>&nbsp;&nbsp;&nbsp; \u2022 <strong><span style=\"color:#ffffff\" class=\"has-inline-color\">SolidEdge<\/span><\/strong><\/p>\n\n\n\n<p>&nbsp;&nbsp;&nbsp; \u2022 <strong><span style=\"color:#ffffff\" class=\"has-inline-color\">Autocad &nbsp;&nbsp;&nbsp; \u2022 Freelem, Autodesk ROBOT<\/span><\/strong>&nbsp;<\/p>\n","protected":false},"excerpt":{"rendered":"<p>BE2I-Solution utilise des logiciels certifi\u00e9s et qualifi\u00e9s pour la conception et le dimensionnement des vos \u00e9quipements. \u00a0\u00a0\u00a0 \u2022 ANSYS \u00a0\u00a0\u00a0 \u2022 Mathcad\u00a0 &nbsp;&nbsp;&nbsp; \u2022 RDM6 &nbsp;&nbsp;&nbsp; \u2022 Pipestress \u00a0\u00a0\u00a0 \u2022 Autopipe vessel\u00a0\u00a0 \u00a0\u00a0\u00a0 \u2022 Catia\u00a0 &nbsp;&nbsp;&nbsp; \u2022 SolidEdge &nbsp;&nbsp;&nbsp; \u2022 Autocad &nbsp;&nbsp;&nbsp; \u2022 Freelem, Autodesk ROBOT&nbsp;<\/p>\n","protected":false},"author":2,"featured_media":0,"parent":0,"menu_order":0,"comment_status":"closed","ping_status":"closed","template":"page-templates\/page-with-right-sidebar.php","meta":{"footnotes":""},"class_list":["post-142","page","type-page","status-publish","hentry"],"_links":{"self":[{"href":"https:\/\/be2i-solutions.com\/index.php?rest_route=\/wp\/v2\/pages\/142","targetHints":{"allow":["GET"]}}],"collection":[{"href":"https:\/\/be2i-solutions.com\/index.php?rest_route=\/wp\/v2\/pages"}],"about":[{"href":"https:\/\/be2i-solutions.com\/index.php?rest_route=\/wp\/v2\/types\/page"}],"author":[{"embeddable":true,"href":"https:\/\/be2i-solutions.com\/index.php?rest_route=\/wp\/v2\/users\/2"}],"replies":[{"embeddable":true,"href":"https:\/\/be2i-solutions.com\/index.php?rest_route=%2Fwp%2Fv2%2Fcomments&post=142"}],"version-history":[{"count":3,"href":"https:\/\/be2i-solutions.com\/index.php?rest_route=\/wp\/v2\/pages\/142\/revisions"}],"predecessor-version":[{"id":169,"href":"https:\/\/be2i-solutions.com\/index.php?rest_route=\/wp\/v2\/pages\/142\/revisions\/169"}],"wp:attachment":[{"href":"https:\/\/be2i-solutions.com\/index.php?rest_route=%2Fwp%2Fv2%2Fmedia&parent=142"}],"curies":[{"name":"wp","href":"https:\/\/api.w.org\/{rel}","templated":true}]}}