{"id":37,"date":"2020-07-17T15:33:16","date_gmt":"2020-07-17T15:33:16","guid":{"rendered":"http:\/\/be2i-solutions.com\/?page_id=37"},"modified":"2020-07-23T11:02:36","modified_gmt":"2020-07-23T11:02:36","slug":"mesmerize","status":"publish","type":"page","link":"https:\/\/be2i-solutions.com\/","title":{"rendered":"Front Page"},"content":{"rendered":"<div  id=\"overlappable-1\" data-label=\"Overlappable\" data-id=\"overlappable-7-mc\" data-export-id=\"overlappable-7-mc\" data-category=\"overlappable\" class=\"overlappable-7-mc content-section content-section-spacing\" data-overlap=\"true\" wfd-id=\"95\" style=\"background-image: none; background-color: rgb(245, 250, 253);\"><div  class=\"gridContainer\" wfd-id=\"96\"> <div  data-type=\"row\" class=\"row shadow\" wfd-id=\"97\"> <div  class=\"col-xs-12 col-sm-6 col-md-3 col-padding-small col-padding-small-xs bg-color-white\" wfd-id=\"110\"> <div  class=\"text-center\" wfd-id=\"111\"><div  class=\"col-xs-12 col-sm-fit space-bottom-small-xs\" wfd-id=\"113\"> <svg  class=\"svg-inline--fa fa-sync fa-w-16 icon color-black large\" aria-hidden=\"true\" data-prefix=\"fa\" data-icon=\"sync\" role=\"img\" xmlns=\"http:\/\/www.w3.org\/2000\/svg\" viewBox=\"0 0 512 512\" data-fa-i2svg=\"\"><path  fill=\"currentColor\" d=\"M440.935 12.574l3.966 82.766C399.416 41.904 331.674 8 256 8 134.813 8 33.933 94.924 12.296 209.824 10.908 217.193 16.604 224 24.103 224h49.084c5.57 0 10.377-3.842 11.676-9.259C103.407 137.408 172.931 80 256 80c60.893 0 114.512 30.856 146.104 77.801l-101.53-4.865c-6.845-.328-12.574 5.133-12.574 11.986v47.411c0 6.627 5.373 12 12 12h200.333c6.627 0 12-5.373 12-12V12c0-6.627-5.373-12-12-12h-47.411c-6.853 0-12.315 5.729-11.987 12.574zM256 432c-60.895 0-114.517-30.858-146.109-77.805l101.868 4.871c6.845.327 12.573-5.134 12.573-11.986v-47.412c0-6.627-5.373-12-12-12H12c-6.627 0-12 5.373-12 12V500c0 6.627 5.373 12 12 12h47.385c6.863 0 12.328-5.745 11.985-12.599l-4.129-82.575C112.725 470.166 180.405 504 256 504c121.187 0 222.067-86.924 243.704-201.824 1.388-7.369-4.308-14.176-11.807-14.176h-49.084c-5.57 0-10.377 3.842-11.676 9.259C408.593 374.592 339.069 432 256 432z\"><\/path><\/svg><!-- <i                              class=\"fa fa-refresh icon color-black large\" data-content-editable=\"true\" contenteditable=\"true\"><\/i> --><\/div> <div  data-type=\"column\" class=\"col-xs-12 col-sm\" wfd-id=\"112\"><h4  class=\"\">G\u00e9nie civil<\/h4> <p  class=\"\">Maitre d\u2019Oeuvre et OPC \u2013 Ordonnancement Pilotage et Coordinnation<\/p><\/div> <\/div><\/div><div  class=\"col-xs-12 col-sm-6 col-md-3 col-padding-small col-padding-small-xs bg-color-white\" wfd-id=\"106\"><div  class=\"text-center\" wfd-id=\"107\"> <div  class=\"col-xs-12 col-sm-fit space-bottom-small-xs\" wfd-id=\"109\"><svg  class=\"svg-inline--fa fa-paper-plane fa-w-16 icon color-black large\" aria-hidden=\"true\" data-prefix=\"fa\" data-icon=\"paper-plane\" role=\"img\" xmlns=\"http:\/\/www.w3.org\/2000\/svg\" viewBox=\"0 0 512 512\" data-fa-i2svg=\"\"><\/svg><!-- <i                              class=\"fa fa-paper-plane icon color-black large\" data-content-editable=\"true\" contenteditable=\"true\"><\/i> --><\/div> <div  data-type=\"column\" class=\"col-xs-12 col-sm\" wfd-id=\"108\"><h4  class=\"\">Energie&nbsp;<\/h4> <p  class=\"\">Centrale conventionnelle de Production \u00e9lectrique&nbsp;.<br >Centrale solaire et nucleaire<\/p><\/div> <\/div><\/div> <div  class=\"col-xs-12 col-sm-6 col-md-3 col-padding-small col-padding-small-xs bg-color-white\" wfd-id=\"102\"><div  class=\"text-center\" wfd-id=\"103\"> <div  class=\"col-xs-12 col-sm-fit space-bottom-small-xs\" wfd-id=\"105\"><svg  class=\"svg-inline--fa fa-shopping-cart fa-w-18 icon color-black large\" aria-hidden=\"true\" data-prefix=\"fa\" data-icon=\"shopping-cart\" role=\"img\" xmlns=\"http:\/\/www.w3.org\/2000\/svg\" viewBox=\"0 0 576 512\" data-fa-i2svg=\"\"><\/svg><!-- <i                              class=\"fa fa-shopping-cart icon color-black large\" data-content-editable=\"true\" contenteditable=\"true\"><\/i> --><\/div> <div  data-type=\"column\" class=\"col-xs-12 col-sm\" wfd-id=\"104\"><h4  class=\"\">Hydraulique<\/h4> <p  class=\"\">Etudes de Forages, Barrages et Reseaux hydrauliques<\/p><\/div> <\/div><\/div> <div  class=\"col-xs-12 col-sm-6 col-md-3 col-padding-small col-padding-small-xs bg-color-white\" wfd-id=\"98\"><div  class=\"text-center\" wfd-id=\"99\"> <div  class=\"col-xs-12 col-sm-fit space-bottom-small-xs\" wfd-id=\"101\"><svg  class=\"svg-inline--fa fa-heart fa-w-16 icon color-black large\" aria-hidden=\"true\" data-prefix=\"far\" data-icon=\"heart\" role=\"img\" xmlns=\"http:\/\/www.w3.org\/2000\/svg\" viewBox=\"0 0 512 512\" data-fa-i2svg=\"\"><\/svg><!-- <i                              class=\"fa fa-heart-o icon color-black large\" data-content-editable=\"true\" contenteditable=\"true\"><\/i> --><\/div> <div  data-type=\"column\" class=\"col-xs-12 col-sm\" wfd-id=\"100\"><h4  class=\"\">Oil &amp; Gas<\/h4> <p  class=\"\">Etudes des bras de chargements et systemes de transfert de Fluide LNG &amp; LPG<\/p><\/div> <\/div><\/div> <\/div><\/div> <\/div><div  id=\"about-1\" style=\"background-color: #ffffff;\" data-label=\"About\" data-id=\"about-images-right-section-mc\" data-export-id=\"about-images-right-section-mc\" data-category=\"about\" class=\"about-images-right-section content-section content-section-spacing\" wfd-id=\"88\"><div  class=\"gridContainer\" wfd-id=\"89\"> <div  class=\"row middle-sm text-center\" wfd-id=\"90\"><div  class=\"col-sm-5 content-left-sm\" data-type=\"column\" wfd-id=\"94\">  <h2  class=\"\">BIENVENUE A BE2I SOLUTIONS<\/h2> <p  class=\"\">BE2I-Solution est une soci\u00e9t\u00e9&nbsp; sp\u00e9cialis\u00e9e dans l\u2019ing\u00e9nierie industrielle.<br ><br >Cr\u00e9\u00e9e par des ing\u00e9nieurs Africains issus de grandes \u00e9coles fran\u00e7aises avec une exp\u00e9rience de plus de dix ans en France dans les secteurs de pointe de l\u2019industrie.<br ><br >BE2I-Solution est compos\u00e9e d\u2019un bureau d\u2019\u00e9tudes d\u2019ing\u00e9nierie industrielle, intervenant dans la conduite des affaires en mati\u00e8re d\u2019ing\u00e9nierie : \u00e9tude de projets techniques, recherche et d\u00e9veloppement industriel ainsi que la conception et l\u2019innovation des produits et process.<\/p> <a class=\"button color1\" href=\"http:\/\/be2i-solutions.com?page_id=7\" target=\"_self\" data-cp-link=\"1\" rel=\"noopener noreferrer\">VOIR EN DETAILS<\/a><\/div> <div  class=\"col-sm-7 space-bottom-xs\" wfd-id=\"91\"><div  class=\"image-group-side-3-img\" wfd-id=\"92\"> <img decoding=\"async\"  class=\"topimg shadow-large\" src=\"http:\/\/be2i-solutions.com\/wp-content\/uploads\/2020\/07\/cropped-nuc2.jpg\" alt=\"\" title=\"cropped-nuc2.jpg\"> <img decoding=\"async\"  class=\"rightimg shadow-large\" src=\"http:\/\/be2i-solutions.com\/wp-content\/uploads\/2020\/07\/cropped-nuc1.jpg\" alt=\"\" title=\"cropped-nuc1.jpg\"> <div  class=\"leftimg\" wfd-id=\"93\"> <img decoding=\"async\"  class=\"shadow-large\" src=\"http:\/\/be2i-solutions.com\/wp-content\/uploads\/2020\/07\/cropped-unnamed-1.jpg\" alt=\"\" title=\"cropped-unnamed-1.jpg\"><\/div> <\/div><\/div> <\/div><\/div> <\/div><div  id=\"cta-1\" data-label=\"Cta\" data-id=\"cta-blue-section\" data-export-id=\"cta-blue-section\" data-category=\"cta\" class=\"cta-blue-section content-section content-section-spacing-medium bg-color1 white-text\" wfd-id=\"83\"><div  class=\"gridContainer\" wfd-id=\"84\"> <div  class=\"row middle-xs\" wfd-id=\"85\"><div  class=\"col-sm-8 space-bottom-xs\" data-type=\"column\" wfd-id=\"87\"> <h2  class=\"\">Contacter nos Services en temps r\u00e9el<\/h2> <\/div> <div  class=\"col-sm-4 end-sm\" data-type=\"column\" wfd-id=\"86\"> <a class=\"button color2\" href=\"http:\/\/be2i-solutions.com?page_id=20\" target=\"_self\" data-cp-link=\"1\" rel=\"noopener noreferrer\">Contactez nous<\/a><\/div> <\/div><\/div> <\/div><div  id=\"contact-1\" data-label=\"Contact\" data-id=\"contact-1\" data-export-id=\"contact-1\" data-category=\"contact\" class=\"contact-1 content-section content-section-spacing white-text\" data-parallax-depth=\"20\" wfd-id=\"55\"><div  class=\"gridContainer\" wfd-id=\"56\"> <div  class=\"row text-center\" wfd-id=\"81\"><div  class=\"section-title-col\" data-type=\"column\" wfd-id=\"82\"> <h2  class=\"\">Contactez BE2I SOLUTION<\/h2> <p  class=\"lead\">Adresse : Zone Industrielle Rocade Fann Bel Air Dakar SENEGAL<br >contacts@be2i-solutions.com<\/p><\/div> <\/div> <div  class=\"row text-center\" wfd-id=\"57\"> <div  class=\"col-xs-12 col-sm-8 col-sm-offset-2 contact-form-wrapper inline-info\" wfd-id=\"58\"> <div  class=\"card large-padding\" wfd-id=\"59\"> <div  class=\"\" data-content-shortcode=\"mesmerize_contact_form shortcode=&quot;everest_form id=&amp;amp;quot;60&amp;amp;quot;&quot;\" data-editable=\"true\" wfd-id=\"60\"><div class=\"everest-forms\"><div class=\"evf-container default\" id=\"evf-60\"><form id=\"evf-form-60\" class=\"everest-form\" data-formid=\"60\" data-ajax_submission=\"0\" data-keyboard_friendly_form=\"0\" method=\"post\" enctype=\"multipart\/form-data\" action=\"\/index.php?rest_route=%2Fwp%2Fv2%2Fpages%2F37\"><div class=\"evf-field-container\"><input type=\"hidden\" id=\"_wpnonce60\" name=\"_wpnonce60\" value=\"ad4d8202f0\" \/><input type=\"hidden\" name=\"_wp_http_referer\" value=\"\/index.php?rest_route=%2Fwp%2Fv2%2Fpages%2F37\" \/><div class=\"evf-frontend-row\" data-row=\"row_1\" conditional_rules=\"[]\"><div class=\"evf-frontend-grid evf-grid-1\" data-grid=\"grid_1\"><div id=\"evf-60-field_fullname-container\" class=\"evf-field evf-field-text form-row validate-required\" data-required-field-message=\"This field is required.\" data-field-id=\"fullname\"><label class=\"evf-field-label\" for=\"evf-60-field_fullname\"><span class=\"evf-label\">Pr\u00e9nom et Nom<\/span> <abbr class=\"required\" title=\"N\u00e9cessaire\">*<\/abbr><\/label><input type=\"text\" id=\"evf-60-field_fullname\" class=\"input-text\" name=\"everest_forms[form_fields][fullname]\" required><\/div><div id=\"evf-60-field_email-container\" class=\"evf-field evf-field-email form-row validate-required validate-email\" data-required-field-message=\"Please enter a valid email address.\" data-field-id=\"email\"><label class=\"evf-field-label\" for=\"evf-60-field_email\"><span class=\"evf-label\">E-mail<\/span> <abbr class=\"required\" title=\"N\u00e9cessaire\">*<\/abbr><\/label><input type=\"email\" id=\"evf-60-field_email\" class=\"input-text\" name=\"everest_forms[form_fields][email]\" required ><\/div><div id=\"evf-60-field_subject-container\" class=\"evf-field evf-field-text form-row validate-required\" data-required-field-message=\"This field is required.\" data-field-id=\"subject\"><label class=\"evf-field-label\" for=\"evf-60-field_subject\"><span class=\"evf-label\">Sujet<\/span> <abbr class=\"required\" title=\"N\u00e9cessaire\">*<\/abbr><\/label><input type=\"text\" id=\"evf-60-field_subject\" class=\"input-text\" name=\"everest_forms[form_fields][subject]\" required><\/div><div id=\"evf-60-field_message-container\" class=\"evf-field evf-field-textarea form-row\" data-field-id=\"message\"><label class=\"evf-field-label\" for=\"evf-60-field_message\"><span class=\"evf-label\">Message<\/span> <\/label><textarea id=\"evf-60-field_message\" class=\"input-text\" name=\"everest_forms[form_fields][message]\"  ><\/textarea><\/div><\/div><\/div><\/div><div class=\"evf-honeypot-container evf-field-hp\"><label for=\"evf-60-field-hp\" class=\"evf-field-label\">Phone<\/label><input type=\"text\" name=\"everest_forms[hp]\" id=\"evf-60-field-hp\" class=\"input-text\"><\/div><div class=\"evf-submit-container \" ><input type=\"hidden\" name=\"everest_forms[id]\" value=\"60\"><input type=\"hidden\" name=\"everest_forms[author]\" value=\"2\"><button type='submit' name='everest_forms[submit]' class='everest-forms-submit-button button evf-submit ' id='evf-submit-60' value='evf-submit' data-process-text=\"Envoi en cours\u2026\" conditional_rules='&quot;&quot;' conditional_id='evf-submit-60'  id=\"evf-submit-60\" aria-live=\"assertive\">Envoyez le formulaire<\/button><\/div><\/form><\/div><!-- .evf-container --><\/div><\/div><\/div> <\/div><\/div> <\/div><\/div>","protected":false},"excerpt":{"rendered":"<p>G\u00e9nie civil Maitre d\u2019Oeuvre et OPC \u2013 Ordonnancement Pilotage et Coordinnation Energie&nbsp; Centrale conventionnelle de Production \u00e9lectrique&nbsp;.Centrale solaire et nucleaire Hydraulique Etudes de Forages, Barrages et Reseaux hydrauliques Oil &amp; Gas Etudes des bras de chargements et systemes de transfert de Fluide LNG &amp; LPG BIENVENUE A BE2I SOLUTIONS BE2I-Solution est une soci\u00e9t\u00e9&nbsp; sp\u00e9cialis\u00e9e dans&hellip; <br \/> <a class=\"read-more\" href=\"https:\/\/be2i-solutions.com\/\">Lire la suite<\/a><\/p>\n","protected":false},"author":2,"featured_media":0,"parent":0,"menu_order":0,"comment_status":"closed","ping_status":"closed","template":"page-templates\/homepage.php","meta":{"footnotes":""},"class_list":["post-37","page","type-page","status-publish","hentry"],"_links":{"self":[{"href":"https:\/\/be2i-solutions.com\/index.php?rest_route=\/wp\/v2\/pages\/37","targetHints":{"allow":["GET"]}}],"collection":[{"href":"https:\/\/be2i-solutions.com\/index.php?rest_route=\/wp\/v2\/pages"}],"about":[{"href":"https:\/\/be2i-solutions.com\/index.php?rest_route=\/wp\/v2\/types\/page"}],"author":[{"embeddable":true,"href":"https:\/\/be2i-solutions.com\/index.php?rest_route=\/wp\/v2\/users\/2"}],"replies":[{"embeddable":true,"href":"https:\/\/be2i-solutions.com\/index.php?rest_route=%2Fwp%2Fv2%2Fcomments&post=37"}],"version-history":[{"count":19,"href":"https:\/\/be2i-solutions.com\/index.php?rest_route=\/wp\/v2\/pages\/37\/revisions"}],"predecessor-version":[{"id":172,"href":"https:\/\/be2i-solutions.com\/index.php?rest_route=\/wp\/v2\/pages\/37\/revisions\/172"}],"wp:attachment":[{"href":"https:\/\/be2i-solutions.com\/index.php?rest_route=%2Fwp%2Fv2%2Fmedia&parent=37"}],"curies":[{"name":"wp","href":"https:\/\/api.w.org\/{rel}","templated":true}]}}