{"id":7,"date":"2020-07-13T23:54:15","date_gmt":"2020-07-13T23:54:15","guid":{"rendered":"http:\/\/be2i-solutions.com\/?page_id=7"},"modified":"2020-07-23T10:16:18","modified_gmt":"2020-07-23T10:16:18","slug":"presentation","status":"publish","type":"page","link":"https:\/\/be2i-solutions.com\/?page_id=7","title":{"rendered":"Pr\u00e9sentation"},"content":{"rendered":"\n<p><strong><span style=\"color:#ffffff\" class=\"has-inline-color\">BE2I-Solution est une soci\u00e9t\u00e9 sp\u00e9cialis\u00e9e dans l\u2019ing\u00e9nierie industrielle.<\/span><\/strong><\/p>\n\n\n\n<p><strong><span style=\"color:#ffffff\" class=\"has-inline-color\">Cr\u00e9e par des ing\u00e9nieurs s\u00e9n\u00e9galais issus de grandes \u00e9coles fran\u00e7aises avec une exp\u00e9rience de plus de dix ans en France dans les secteurs de pointes de l\u2019industrie.<\/span><\/strong><\/p>\n\n\n\n<p><strong><span style=\"color:#ffffff\" class=\"has-inline-color\">BE2I-Solution est compos\u00e9e d\u2019un bureau d\u2019\u00e9tudes d\u2019ing\u00e9nierie industrielle, intervenant dans la conduite des affaires en mati\u00e8re d\u2019ing\u00e9nierie\u00a0: \u00e9tude de projets techniques, recherche et d\u00e9veloppement industrielle ainsi que la conception et l\u2019innovation des produits et process.<\/span><\/strong><\/p>\n\n\n\n<p><strong><span style=\"color:#ffffff\" class=\"has-inline-color\">Notre offre<\/span>\u00a0<\/strong>\u00a0\u00a0\u00a0\u00a0\u00a0\u00a0\u00a0\u00a0\u00a0\u00a0\u00a0\u00a0\u00a0\u00a0\u00a0\u00a0\u00a0\u00a0\u00a0\u00a0\u00a0\u00a0\u00a0\u00a0\u00a0\u00a0\u00a0\u00a0 \u00a0\u00a0\u00a0\u00a0\u00a0\u00a0\u00a0\u00a0\u00a0\u00a0\u00a0\u00a0\u00a0\u00a0\u00a0\u00a0\u00a0\u00a0\u00a0\u00a0<\/p>\n\n\n\n<p><strong><span style=\"color:#ffffff\" class=\"has-inline-color\">BE2I-Solution intervient principalement en mode de sous-traitance\u00a0: Assistance technique, Forfait et Offshoring.<\/span><\/strong><\/p>\n\n\n\n<p><strong><span style=\"color:#ffffff\" class=\"has-inline-color\">Nous assurons un suivi global des projets de la pr\u00e9-\u00e9tude jusqu\u2019au prototype et pr\u00e9-serie.<\/span><\/strong><\/p>\n\n\n\n<p><strong><span style=\"color:#ffffff\" class=\"has-inline-color\">BE2I-Solution s\u2019engage \u00e0 r\u00e9pondre au mieux \u00e0 tous vos besoins par des solutions techniques compl\u00e9tes et innovantes adapt\u00e9es, ainsi qu\u2019un accompagnement personnalis\u00e9 pour chaque phase de projet.<\/span><\/strong><\/p>\n\n\n\n<p><strong><span style=\"color:#ffffff\" class=\"has-inline-color\">Comme v\u00e9ritable partenaire de confiance nous vous accompagnons et nous vous assurons soutien et conseil dans chaque \u00e9tape de votre projet<\/span><\/strong><\/p>\n","protected":false},"excerpt":{"rendered":"<p>BE2I-Solution est une soci\u00e9t\u00e9 sp\u00e9cialis\u00e9e dans l\u2019ing\u00e9nierie industrielle. Cr\u00e9e par des ing\u00e9nieurs s\u00e9n\u00e9galais issus de grandes \u00e9coles fran\u00e7aises avec une exp\u00e9rience de plus de dix ans en France dans les secteurs de pointes de l\u2019industrie. BE2I-Solution est compos\u00e9e d\u2019un bureau d\u2019\u00e9tudes d\u2019ing\u00e9nierie industrielle, intervenant dans la conduite des affaires en mati\u00e8re d\u2019ing\u00e9nierie\u00a0: \u00e9tude de projets&hellip; <br \/> <a class=\"read-more\" href=\"https:\/\/be2i-solutions.com\/?page_id=7\">Lire la suite<\/a><\/p>\n","protected":false},"author":2,"featured_media":0,"parent":0,"menu_order":0,"comment_status":"closed","ping_status":"closed","template":"page-templates\/page-with-right-sidebar.php","meta":{"footnotes":""},"class_list":["post-7","page","type-page","status-publish","hentry"],"_links":{"self":[{"href":"https:\/\/be2i-solutions.com\/index.php?rest_route=\/wp\/v2\/pages\/7","targetHints":{"allow":["GET"]}}],"collection":[{"href":"https:\/\/be2i-solutions.com\/index.php?rest_route=\/wp\/v2\/pages"}],"about":[{"href":"https:\/\/be2i-solutions.com\/index.php?rest_route=\/wp\/v2\/types\/page"}],"author":[{"embeddable":true,"href":"https:\/\/be2i-solutions.com\/index.php?rest_route=\/wp\/v2\/users\/2"}],"replies":[{"embeddable":true,"href":"https:\/\/be2i-solutions.com\/index.php?rest_route=%2Fwp%2Fv2%2Fcomments&post=7"}],"version-history":[{"count":9,"href":"https:\/\/be2i-solutions.com\/index.php?rest_route=\/wp\/v2\/pages\/7\/revisions"}],"predecessor-version":[{"id":155,"href":"https:\/\/be2i-solutions.com\/index.php?rest_route=\/wp\/v2\/pages\/7\/revisions\/155"}],"wp:attachment":[{"href":"https:\/\/be2i-solutions.com\/index.php?rest_route=%2Fwp%2Fv2%2Fmedia&parent=7"}],"curies":[{"name":"wp","href":"https:\/\/api.w.org\/{rel}","templated":true}]}}