{"id":9,"date":"2020-07-13T23:55:10","date_gmt":"2020-07-13T23:55:10","guid":{"rendered":"http:\/\/be2i-solutions.com\/?page_id=9"},"modified":"2020-07-22T16:41:17","modified_gmt":"2020-07-22T16:41:17","slug":"secteurs-dactivites","status":"publish","type":"page","link":"https:\/\/be2i-solutions.com\/?page_id=9","title":{"rendered":"Secteurs d&rsquo;Activit\u00e9s"},"content":{"rendered":"\n<p><\/p>\n\n\n\n<div class=\"wp-block-image\"><figure class=\"aligncenter size-large\"><img loading=\"lazy\" decoding=\"async\" width=\"499\" height=\"445\" src=\"http:\/\/be2i-solutions.com\/wp-content\/uploads\/2020\/07\/sec.jpg\" alt=\"\" class=\"wp-image-120\" srcset=\"https:\/\/be2i-solutions.com\/wp-content\/uploads\/2020\/07\/sec.jpg 499w, https:\/\/be2i-solutions.com\/wp-content\/uploads\/2020\/07\/sec-300x268.jpg 300w\" sizes=\"auto, (max-width: 499px) 100vw, 499px\" \/><\/figure><\/div>\n\n\n\n<p>Notre prise en charge couvre un grand nombre de secteurs d\u2019activit\u00e9, avec des ing\u00e9nieurs sp\u00e9cialis\u00e9s, d\u00e9di\u00e9s \u00e0 l\u2019apport d\u2019une valeur ajout\u00e9e imm\u00e9diate \u00e0 vos produits. Energie, exp\u00e9rience et disponibilit\u00e9 sont mis au\u00a0 profit de nos clients, afain de r\u00e9pondre \u00e0 leur besoins dans de nombreux dommaines en respectant les imp\u00e9ratifs de qualit\u00e9, co\u00fbts et d\u00e9lais.<\/p>\n","protected":false},"excerpt":{"rendered":"<p>Notre prise en charge couvre un grand nombre de secteurs d\u2019activit\u00e9, avec des ing\u00e9nieurs sp\u00e9cialis\u00e9s, d\u00e9di\u00e9s \u00e0 l\u2019apport d\u2019une valeur ajout\u00e9e imm\u00e9diate \u00e0 vos produits. Energie, exp\u00e9rience et disponibilit\u00e9 sont mis au\u00a0 profit de nos clients, afain de r\u00e9pondre \u00e0 leur besoins dans de nombreux dommaines en respectant les imp\u00e9ratifs de qualit\u00e9, co\u00fbts et d\u00e9lais.<\/p>\n","protected":false},"author":2,"featured_media":0,"parent":0,"menu_order":0,"comment_status":"closed","ping_status":"closed","template":"","meta":{"footnotes":""},"class_list":["post-9","page","type-page","status-publish","hentry"],"_links":{"self":[{"href":"https:\/\/be2i-solutions.com\/index.php?rest_route=\/wp\/v2\/pages\/9","targetHints":{"allow":["GET"]}}],"collection":[{"href":"https:\/\/be2i-solutions.com\/index.php?rest_route=\/wp\/v2\/pages"}],"about":[{"href":"https:\/\/be2i-solutions.com\/index.php?rest_route=\/wp\/v2\/types\/page"}],"author":[{"embeddable":true,"href":"https:\/\/be2i-solutions.com\/index.php?rest_route=\/wp\/v2\/users\/2"}],"replies":[{"embeddable":true,"href":"https:\/\/be2i-solutions.com\/index.php?rest_route=%2Fwp%2Fv2%2Fcomments&post=9"}],"version-history":[{"count":4,"href":"https:\/\/be2i-solutions.com\/index.php?rest_route=\/wp\/v2\/pages\/9\/revisions"}],"predecessor-version":[{"id":123,"href":"https:\/\/be2i-solutions.com\/index.php?rest_route=\/wp\/v2\/pages\/9\/revisions\/123"}],"wp:attachment":[{"href":"https:\/\/be2i-solutions.com\/index.php?rest_route=%2Fwp%2Fv2%2Fmedia&parent=9"}],"curies":[{"name":"wp","href":"https:\/\/api.w.org\/{rel}","templated":true}]}}